{"id":86,"date":"2025-07-29T19:34:40","date_gmt":"2025-07-29T17:34:40","guid":{"rendered":"https:\/\/sanrej.pl\/?page_id=86"},"modified":"2025-07-29T19:48:26","modified_gmt":"2025-07-29T17:48:26","slug":"dofinansowania","status":"publish","type":"page","link":"https:\/\/sanrej.pl\/index.php\/dofinansowania\/","title":{"rendered":"Fundusze Europejskie"},"content":{"rendered":"\n<figure class=\"wp-block-image size-full\"><img loading=\"lazy\" decoding=\"async\" width=\"940\" height=\"76\" src=\"https:\/\/sanrej.pl\/wp-content\/uploads\/2025\/07\/UE_logo.png\" alt=\"Logo Fundusze UE\" class=\"wp-image-87\" srcset=\"https:\/\/sanrej.pl\/wp-content\/uploads\/2025\/07\/UE_logo.png 940w, https:\/\/sanrej.pl\/wp-content\/uploads\/2025\/07\/UE_logo-300x24.png 300w, https:\/\/sanrej.pl\/wp-content\/uploads\/2025\/07\/UE_logo-768x62.png 768w\" sizes=\"auto, (max-width: 767px) 89vw, (max-width: 1000px) 54vw, (max-width: 1071px) 543px, 580px\" \/><\/figure>\n\n\n\n<p>Sanrej Sp. z o.o. uzyska\u0142a dotacj\u0119 z Unii Europejskiej na projekt pt.: <strong><em>Zasadnicza zmiana procesu produkcyjnego piekarni Sanrej Sp. z o. o. w Sanoku celem wprowadzenie innowacyjnej \u017cywno\u015bci i wzrostu jako\u015bci \u017cycia.<\/em><\/strong><\/p>\n\n\n\n<p>Celem projektu inwestycyjnego jest dokonanie zasadniczych zmian procesu produkcyjnego w piekarni, w spos\u00f3b zabezpieczaj\u0105cy mo\u017cliwo\u015b\u0107 produkowania nowej, innowacyjnej \u017cywno\u015bci (funkcjonalnej, prozdrowotnej, specjalnego przeznaczenia \u017cywieniowego), poprzez zakup szeregu maszyn i urz\u0105dze\u0144 tworz\u0105cych ca\u0142o\u015bciow\u0105, odmienn\u0105 od dotychczasowych metod\u0119 wytwarzania, a s\u0105 to:<\/p>\n\n\n\n<p>&#8211; Przep\u0142ywowy sch\u0142adzacz wody 1 szt.<\/p>\n\n\n\n<p>&#8211; Depozytor \/ Dozer \u015brubowy 1 komplet<\/p>\n\n\n\n<p>&#8211; System wytwarzania i ch\u0142odzenia wsad\u00f3w 1 komplet<\/p>\n\n\n\n<p>&#8211; P\u00f3\u0142automatyczna linia do krojenia i pakowania chleba 1 komplet<\/p>\n\n\n\n<p>&#8211; Rogalikarka ze stacj\u0105 wyd\u0142u\u017cania k\u0119s\u00f3w 1 komplet<\/p>\n\n\n\n<p>&#8211; Automatyczna t\u0142okowa nadziewarka (dozownik) 1 komplet.<\/p>\n\n\n\n<p>&#8211; Ubijaczka planetarna z kot\u0142em 1 komplet<\/p>\n\n\n\n<p>&#8211; Miesiarka spiralna z 2 kot\u0142ami wyjezdnym o pojemno\u015bci 350 kilogram\u00f3w ciasta 2 komplety<\/p>\n\n\n\n<p>&#8211; Linia do produkcji p\u0105czk\u00f3w, ciastek dro\u017cd\u017cowych, francuskich 1 komplet.<\/p>\n\n\n\n<p>&#8211; Piec piekarniczy, obrotowy, cyklotermiczny, w\u00f3zkowy 2 komplety.<\/p>\n\n\n\n<p>Projekt realizujemy dla naszych konsument\u00f3w podejmuj\u0105cych dieto-terapi\u0119 oraz odbiorc\u00f3w wyrob\u00f3w piekarniczych.<\/p>\n\n\n\n<p><strong>Zamierzamy wprowadzi\u0107 \u017cywno\u015b\u0107 prozdrowotn\u0105, ekologiczn\u0105, funkcjonaln\u0105, pod\u0105\u017caj\u0105c\u0105 za mod\u0105 \u2013 trendem zdrowego od\u017cywiania si\u0119, maj\u0105c\u0105 na celu przeciwdzia\u0142anie chorobom cywilizacyjnym, co poprawi jako\u015b\u0107 \u017cycia lokalnej i regionalnej spo\u0142eczno\u015bci.<\/strong><\/p>\n\n\n\n<p><strong>Nowe rodzaje wyrob\u00f3w piekarniczych skierowane b\u0119d\u0105 do os\u00f3b dieto-zale\u017cnych, sportowc\u00f3w, os\u00f3b chorych na schorzenia metaboliczne, onkologiczne, uk\u0142adu kr\u0105\u017cenia.<\/strong><\/p>\n\n\n\n<p>Projekt realizujemy, aby wzmocni\u0107 potencja\u0142 i wprowadzi\u0107 innowacyjne rozwi\u0105zania w Sanrej Sp. z o. o. &nbsp;Efektem projektu b\u0119dzie usprawnienie procesu produkcji i wdra\u017cania nowych produkt\u00f3w zaprojektowanych z poszanowaniem \u015brodowiska naturalnego i potrzeb spo\u0142ecznych.<\/p>\n\n\n\n<p>Warto\u015b\u0107 projektu: 2 583 253,38 z\u0142 Wysoko\u015b\u0107 wk\u0142adu z Funduszy Europejskich: 1 470 144,20 z\u0142<\/p>\n","protected":false},"excerpt":{"rendered":"<p>Sanrej Sp. z o.o. uzyska\u0142a dotacj\u0119 z Unii Europejskiej na projekt pt.: Zasadnicza zmiana procesu produkcyjnego piekarni Sanrej Sp. z o. o. w Sanoku celem wprowadzenie innowacyjnej \u017cywno\u015bci i wzrostu jako\u015bci \u017cycia. Celem projektu inwestycyjnego jest dokonanie zasadniczych zmian procesu produkcyjnego w piekarni, w spos\u00f3b zabezpieczaj\u0105cy mo\u017cliwo\u015b\u0107 produkowania nowej, innowacyjnej \u017cywno\u015bci (funkcjonalnej, prozdrowotnej, specjalnego przeznaczenia &hellip; <\/p>\n<p class=\"link-more\"><a href=\"https:\/\/sanrej.pl\/index.php\/dofinansowania\/\" class=\"more-link\">Czytaj dalej<span class=\"screen-reader-text\"> \u201eFundusze Europejskie\u201d<\/span><\/a><\/p>\n","protected":false},"author":1,"featured_media":0,"parent":0,"menu_order":0,"comment_status":"closed","ping_status":"closed","template":"","meta":{"footnotes":""},"class_list":["post-86","page","type-page","status-publish","hentry"],"_links":{"self":[{"href":"https:\/\/sanrej.pl\/index.php\/wp-json\/wp\/v2\/pages\/86","targetHints":{"allow":["GET"]}}],"collection":[{"href":"https:\/\/sanrej.pl\/index.php\/wp-json\/wp\/v2\/pages"}],"about":[{"href":"https:\/\/sanrej.pl\/index.php\/wp-json\/wp\/v2\/types\/page"}],"author":[{"embeddable":true,"href":"https:\/\/sanrej.pl\/index.php\/wp-json\/wp\/v2\/users\/1"}],"replies":[{"embeddable":true,"href":"https:\/\/sanrej.pl\/index.php\/wp-json\/wp\/v2\/comments?post=86"}],"version-history":[{"count":3,"href":"https:\/\/sanrej.pl\/index.php\/wp-json\/wp\/v2\/pages\/86\/revisions"}],"predecessor-version":[{"id":95,"href":"https:\/\/sanrej.pl\/index.php\/wp-json\/wp\/v2\/pages\/86\/revisions\/95"}],"wp:attachment":[{"href":"https:\/\/sanrej.pl\/index.php\/wp-json\/wp\/v2\/media?parent=86"}],"curies":[{"name":"wp","href":"https:\/\/api.w.org\/{rel}","templated":true}]}}